{"id":7529,"date":"2024-02-19T16:36:31","date_gmt":"2024-02-19T16:36:31","guid":{"rendered":"https:\/\/www.winjay.com\/iscriviti-alla-newsletter\/"},"modified":"2024-06-06T16:11:13","modified_gmt":"2024-06-06T16:11:13","slug":"subscribe-newsletter","status":"publish","type":"page","link":"https:\/\/www.winjay.com\/it\/subscribe-newsletter\/","title":{"rendered":"Iscriviti alla newsletter"},"content":{"rendered":"<div class=\"fusion-fullwidth fullwidth-box fusion-builder-row-1 fusion-flex-container has-pattern-background has-mask-background nonhundred-percent-fullwidth non-hundred-percent-height-scrolling hundred-percent-fullwidth\" style=\"--awb-border-sizes-top:0px;--awb-border-sizes-bottom:0px;--awb-border-radius-top-left:0px;--awb-border-radius-top-right:0px;--awb-border-radius-bottom-right:0px;--awb-border-radius-bottom-left:0px;--awb-padding-top:0px;--awb-padding-right:0px;--awb-padding-bottom:0px;--awb-padding-left:0px;--awb-margin-top:0px;--awb-margin-bottom:0px;--awb-background-color:#f1f1f1;--awb-flex-wrap:wrap;\" ><div class=\"fusion-builder-row fusion-row fusion-flex-align-items-flex-end fusion-flex-justify-content-center fusion-flex-content-wrap\" style=\"max-width:104%;margin-left: calc(-4% \/ 2 );margin-right: calc(-4% \/ 2 );\"><div class=\"fusion-layout-column fusion_builder_column fusion-builder-column-0 fusion_builder_column_1_1 1_1 fusion-flex-column fusion-flex-align-self-flex-end\" style=\"--awb-padding-bottom:50px;--awb-bg-color:#151515;--awb-bg-color-hover:#151515;--awb-bg-size:cover;--awb-width-large:100%;--awb-margin-top-large:0px;--awb-spacing-right-large:1.92%;--awb-margin-bottom-large:0px;--awb-spacing-left-large:1.92%;--awb-width-medium:100%;--awb-order-medium:0;--awb-spacing-right-medium:1.92%;--awb-spacing-left-medium:1.92%;--awb-width-small:100%;--awb-order-small:0;--awb-spacing-right-small:1.92%;--awb-spacing-left-small:1.92%;\"><div class=\"fusion-column-wrapper fusion-column-has-shadow fusion-flex-justify-content-flex-end fusion-content-layout-column\"><div class=\"fusion-image-element \" style=\"text-align:center;--awb-margin-top:0px;--awb-margin-right:0%;--awb-margin-bottom:0px;--awb-margin-left:0%;--awb-caption-title-font-family:var(--h2_typography-font-family);--awb-caption-title-font-weight:var(--h2_typography-font-weight);--awb-caption-title-font-style:var(--h2_typography-font-style);--awb-caption-title-size:var(--h2_typography-font-size);--awb-caption-title-transform:var(--h2_typography-text-transform);--awb-caption-title-line-height:var(--h2_typography-line-height);--awb-caption-title-letter-spacing:var(--h2_typography-letter-spacing);\"><span class=\" fusion-imageframe imageframe-none imageframe-1 hover-type-none\"><img decoding=\"async\" width=\"1920\" height=\"879\" alt=\"newsletter hero\" title=\"good-newsletter-coming01\" src=\"https:\/\/www.winjay.com\/wp-content\/uploads\/2024\/02\/good-newsletter-coming01.png\" class=\"img-responsive wp-image-7527\" srcset=\"https:\/\/www.winjay.com\/wp-content\/uploads\/2024\/02\/good-newsletter-coming01-200x92.png 200w, https:\/\/www.winjay.com\/wp-content\/uploads\/2024\/02\/good-newsletter-coming01-400x183.png 400w, https:\/\/www.winjay.com\/wp-content\/uploads\/2024\/02\/good-newsletter-coming01-600x275.png 600w, https:\/\/www.winjay.com\/wp-content\/uploads\/2024\/02\/good-newsletter-coming01-800x366.png 800w, https:\/\/www.winjay.com\/wp-content\/uploads\/2024\/02\/good-newsletter-coming01-1200x549.png 1200w, https:\/\/www.winjay.com\/wp-content\/uploads\/2024\/02\/good-newsletter-coming01.png 1920w\" sizes=\"(max-width: 640px) 100vw, 1920px\" \/><\/span><\/div><div class=\"fusion-builder-row fusion-builder-row-inner fusion-row fusion-flex-align-items-flex-end fusion-flex-justify-content-center fusion-flex-content-wrap\" style=\"width:104% !important;max-width:104% !important;margin-left: calc(-4% \/ 2 );margin-right: calc(-4% \/ 2 );\"><div class=\"fusion-layout-column fusion_builder_column_inner fusion-builder-nested-column-0 fusion_builder_column_inner_2_3 2_3 fusion-flex-column\" style=\"--awb-padding-bottom:50px;--awb-bg-size:cover;--awb-width-large:66.666666666667%;--awb-margin-top-large:0px;--awb-spacing-right-large:2.88%;--awb-margin-bottom-large:0px;--awb-spacing-left-large:2.88%;--awb-width-medium:83.333333333333%;--awb-order-medium:0;--awb-spacing-right-medium:2.304%;--awb-spacing-left-medium:2.304%;--awb-width-small:83.333333333333%;--awb-order-small:0;--awb-spacing-right-small:2.304%;--awb-spacing-left-small:2.304%;\"><div class=\"fusion-column-wrapper fusion-column-has-shadow fusion-flex-justify-content-flex-start fusion-content-layout-column\"><div class=\"fusion-separator fusion-full-width-sep\" style=\"align-self: center;margin-left: auto;margin-right: auto;margin-bottom:20px;width:100%;\"><div class=\"fusion-separator-border sep-single sep-solid\" style=\"--awb-height:20px;--awb-amount:20px;--awb-sep-color:var(--awb-custom15);border-color:var(--awb-custom15);border-top-width:1px;\"><\/div><\/div><div class=\"fusion-title title fusion-title-1 fusion-sep-none fusion-title-highlight fusion-animate-once fusion-highlight-underline_zigzag fusion-title-size-one\" style=\"--awb-text-color:#eeeeee;--awb-highlight-color:#ff7300;--awb-font-size:40px;\" data-highlight=\"underline_zigzag\"><h1 class=\"fusion-title-heading title-heading-left fusion-responsive-typography-calculated\" style=\"font-family:&quot;Poppins&quot;;font-style:normal;font-weight:500;margin:0;font-size:1em;--fontSize:40;line-height:var(--awb-typography1-line-height);\"><span class=\"fusion-highlighted-text-prefix\">Iscriviti alla<\/span> <span class=\"fusion-highlighted-text-wrapper\"><span class=\"fusion-highlighted-text\" style=\"color:#eeeeee;--fontSize:40;font-size:40px;\">newsletter WINJAY<\/span><svg xmlns=\"http:\/\/www.w3.org\/2000\/svg\" viewBox=\"0 0 500 150\" preserveAspectRatio=\"none\"><path d=\"M6.1,133.6c0,0,173.4-20.6,328.3-14.5c154.8,6.1,162.2,8.7,162.2,8.7s-262.6-4.9-339.2,13.9 c0,0,113.8-6.1,162.9,6.9\"><\/path><\/svg><\/span> <span class=\"fusion-highlighted-text-postfix\"><\/span><\/h1><\/div><div class=\"fusion-text fusion-text-1 awb-text-cols fusion-text-columns-2\" style=\"--awb-text-transform:none;--awb-text-color:#dddddd;--awb-columns:2;--awb-column-spacing:2em;--awb-column-min-width:300px;--awb-text-font-family:&quot;Poppins&quot;;--awb-text-font-style:normal;--awb-text-font-weight:400;\"><p>Vuoi sapere di pi\u00f9 su annunci di nuovi prodotti, aggiornamenti, promozioni, articoli di supporto e altro ancora?<\/p>\n<p>Iscriviti alla newsletter e unisciti alla comunit\u00e0 di appassionati del settore per restare sempre aggiornato con approfondimenti esclusivi, novit\u00e0 sui prodotti e consigli degli esperti direttamente nella tua email. Informati in anteprima sulle ultime versioni deli sistemi di automazione radiofonica e televisiva WINJAY.<\/p>\n<p>E non preoccuparti, conosciamo il valore del tuo tempo e promettiamo di non inondare la mail con messaggi pressanti !<\/p>\n<\/div><\/div><\/div><\/div><div class=\"fusion-builder-row fusion-builder-row-inner fusion-row fusion-flex-align-items-flex-end fusion-flex-justify-content-center fusion-flex-content-wrap\" style=\"width:104% !important;max-width:104% !important;margin-left: calc(-4% \/ 2 );margin-right: calc(-4% \/ 2 );\"><div class=\"fusion-layout-column fusion_builder_column_inner fusion-builder-nested-column-1 fusion_builder_column_inner_2_3 2_3 fusion-flex-column\" style=\"--awb-padding-top:20px;--awb-bg-size:cover;--awb-width-large:66.666666666667%;--awb-margin-top-large:0px;--awb-spacing-right-large:2.88%;--awb-margin-bottom-large:0px;--awb-spacing-left-large:2.88%;--awb-width-medium:83.333333333333%;--awb-order-medium:0;--awb-spacing-right-medium:0px;--awb-spacing-left-medium:0px;--awb-width-small:83.333333333333%;--awb-order-small:0;--awb-spacing-right-small:0px;--awb-spacing-left-small:0px;\" id=\"toggleParagraph\" data-scroll-devices=\"small-visibility,medium-visibility,large-visibility\"><div class=\"fusion-column-wrapper fusion-column-has-shadow fusion-flex-justify-content-center fusion-content-layout-column\">\n<div class=\"wpcf7 no-js\" id=\"wpcf7-f7726-o1\" lang=\"it-IT\" dir=\"ltr\" data-wpcf7-id=\"7726\">\n<div class=\"screen-reader-response\"><p role=\"status\" aria-live=\"polite\" aria-atomic=\"true\"><\/p> <ul><\/ul><\/div>\n<form action=\"\/it\/wp-json\/wp\/v2\/pages\/7529#wpcf7-f7726-o1\" method=\"post\" class=\"wpcf7-form init\" aria-label=\"Modulo di contatto\" novalidate=\"novalidate\" data-status=\"init\">\n<fieldset class=\"hidden-fields-container\"><input type=\"hidden\" name=\"_wpcf7\" value=\"7726\" \/><input type=\"hidden\" name=\"_wpcf7_version\" value=\"6.1.5\" \/><input type=\"hidden\" name=\"_wpcf7_locale\" value=\"it_IT\" \/><input type=\"hidden\" name=\"_wpcf7_unit_tag\" value=\"wpcf7-f7726-o1\" \/><input type=\"hidden\" name=\"_wpcf7_container_post\" value=\"0\" \/><input type=\"hidden\" name=\"_wpcf7_posted_data_hash\" value=\"\" \/><input type=\"hidden\" name=\"_wpcf7dtx_version\" value=\"5.0.5\" \/>\n<\/fieldset>\n<div class=\"uacf7-form-wrapper-container uacf7-form-7726  \"><fieldset>\n<div class=\"uacf7-row\"><div class=\"uacf7-col-6\"><label>Nominativo e azienda (*)\n    <span class=\"wpcf7-form-control-wrap\" data-name=\"cf7s-company\"><input size=\"40\" maxlength=\"400\" class=\"wpcf7-form-control wpcf7-text wpcf7-validates-as-required\" autocomplete=\"name\" aria-required=\"true\" aria-invalid=\"false\" value=\"\" type=\"text\" name=\"cf7s-company\" \/><\/span><\/label><\/div>\n<div class=\"uacf7-col-6\"><label>Nazione (*)\n    <span class=\"wpcf7-form-control-wrap\" data-name=\"cf7s_country\"><input size=\"40\" maxlength=\"400\" class=\"wpcf7-form-control wpcf7-text wpcf7-validates-as-required\" aria-required=\"true\" aria-invalid=\"false\" value=\"\" type=\"text\" name=\"cf7s_country\" \/><\/span><\/label>\n<\/div><\/div>\n<div class=\"uacf7-row\"><div class=\"uacf7-col-6\"><label>Skype o Microsoft Teams ID\n    <span class=\"wpcf7-form-control-wrap\" data-name=\"cf7s-skypeID\"><input size=\"40\" maxlength=\"400\" class=\"wpcf7-form-control wpcf7-text\" aria-invalid=\"false\" value=\"\" type=\"text\" name=\"cf7s-skypeID\" \/><\/span><\/label><\/div>\n<div class=\"uacf7-col-6\"><label>Indirizzo email (*)\n    <span class=\"wpcf7-form-control-wrap\" data-name=\"cf7s-email-address\"><input size=\"40\" maxlength=\"400\" class=\"wpcf7-form-control wpcf7-email wpcf7-validates-as-required wpcf7-text wpcf7-validates-as-email\" aria-required=\"true\" aria-invalid=\"false\" value=\"\" type=\"email\" name=\"cf7s-email-address\" \/><\/span><\/label><\/div><\/div>\n<span class=\"wpcf7-form-control-wrap cf7s-application\" data-name=\"cf7s-application\"><input type=\"hidden\" name=\"cf7s-application\" class=\"wpcf7-form-control wpcf7-hidden wpcf7dtx wpcf7dtx-hidden\" aria-invalid=\"false\"><\/span>\n<div class=\"uacf7-row\"><div class=\"uacf7-col-12\"><label>Commenti (opzionale)\n    <span class=\"wpcf7-form-control-wrap\" data-name=\"cf7s-message\"><textarea cols=\"40\" rows=\"10\" maxlength=\"2000\" class=\"wpcf7-form-control wpcf7-textarea\" aria-invalid=\"false\" name=\"cf7s-message\"><\/textarea><\/span><\/label><\/div><\/div>\n\n<div class=\"uacf7-row\"><div class=\"uacf7-col-12\">\n<p><span style=\"color: #aaa; font-size: 12px; line-height: 1.5em;\">Fornendo il consenso acconsenti al trattamento dei tuoi dati per accedere al servizio, che comprende l'invio di informazioni, materiale pubblicitario e comunicazioni commerciali via email. Inoltre, verr\u00e0 effettuata la profilazione dei dati per analisi e indagini di mercato. Le finalit\u00e0 e le modalit\u00e0 del trattamento dei dati sono illustrate nella nostra <a href=\"https:\/\/www.iubenda.com\/privacy-policy\/48861109\" target=\"_blank\">privacy policy<\/a><\/span><\/p>\n<\/div><\/div>\n\n<div class=\"uacf7-row\"><div class=\"uacf7-col-12\"><span class=\"wpcf7-form-control-wrap\" data-name=\"accept-terms\"><span class=\"wpcf7-form-control wpcf7-acceptance\"><span class=\"wpcf7-list-item\"><label><input type=\"checkbox\" name=\"accept-terms\" value=\"1\" checked=\"checked\" aria-invalid=\"false\" \/><span class=\"wpcf7-list-item-label\">Accetto la <a href=\"https:\/\/www.iubenda.com\/privacy-policy\/48861109\" target=\"_blank\">privacy policy (*)<\/a><\/span><\/label><\/span><\/span><\/span><\/div><\/div>\n<div class=\"uacf7-row\"><div class=\"uacf7-col-12\">\u00a0<\/div><\/div>\n<div class=\"uacf7-row\"><div class=\"uacf7-col-3\"><input class=\"wpcf7-form-control wpcf7-submit has-spinner\" type=\"submit\" value=\"Invia\" \/><\/div><\/div>\n<div class=\"uacf7-row\"><div class=\"uacf7-col-12\"><label><small>Tutti i campi contrassegnati con (*) sono richiesti<\/small><\/label><\/div><\/div>\n<\/fieldset><\/div><div class=\"fusion-alert alert custom alert-custom fusion-alert-center wpcf7-response-output awb-alert-native-link-color alert-dismissable awb-alert-close-boxed\" style=\"--awb-border-size:1px;--awb-border-top-left-radius:0px;--awb-border-top-right-radius:0px;--awb-border-bottom-left-radius:0px;--awb-border-bottom-right-radius:0px;\" role=\"alert\"><div class=\"fusion-alert-content-wrapper\"><span class=\"fusion-alert-content\"><\/span><\/div><button type=\"button\" class=\"close toggle-alert\" data-dismiss=\"alert\" aria-label=\"Close\">&times;<\/button><\/div>\n<\/form>\n<\/div>\n<\/div><\/div><\/div><\/div><\/div><\/div><\/div>\n","protected":false},"excerpt":{"rendered":"","protected":false},"author":1,"featured_media":0,"parent":0,"menu_order":0,"comment_status":"closed","ping_status":"closed","template":"100-width.php","meta":{"inline_featured_image":false,"footnotes":""},"class_list":["post-7529","page","type-page","status-publish","hentry"],"featured_image_src":null,"yoast_head":"<!-- This site is optimized with the Yoast SEO plugin v27.2 - https:\/\/yoast.com\/product\/yoast-seo-wordpress\/ -->\n<title>Iscriviti alla newsletter - WINJAY radio and TV automation<\/title>\n<meta name=\"description\" content=\"Iscriviti alla nostra newsletter per restare sempre aggiornato con approfondimenti esclusivi, novit\u00e0 sulle applicazioni e consigli degli esperti, direttamente nella tua email.\" \/>\n<meta name=\"robots\" content=\"index, follow, max-snippet:-1, max-image-preview:large, max-video-preview:-1\" \/>\n<link rel=\"canonical\" href=\"https:\/\/www.winjay.com\/it\/subscribe-newsletter\/\" \/>\n<meta property=\"og:locale\" content=\"it_IT\" \/>\n<meta property=\"og:type\" content=\"article\" \/>\n<meta property=\"og:title\" content=\"Iscriviti alla newsletter - WINJAY radio and TV automation\" \/>\n<meta property=\"og:description\" content=\"Iscriviti alla nostra newsletter per restare sempre aggiornato con approfondimenti esclusivi, novit\u00e0 sulle applicazioni e consigli degli esperti, direttamente nella tua email.\" \/>\n<meta property=\"og:url\" content=\"https:\/\/www.winjay.com\/it\/subscribe-newsletter\/\" \/>\n<meta property=\"og:site_name\" content=\"WINJAY radio and TV automation\" \/>\n<meta property=\"article:publisher\" content=\"https:\/\/www.facebook.com\/winjaysrl\/\" \/>\n<meta property=\"article:modified_time\" content=\"2024-06-06T16:11:13+00:00\" \/>\n<meta name=\"twitter:card\" content=\"summary_large_image\" \/>\n<meta name=\"twitter:site\" content=\"@winjay_SRL\" \/>\n<meta name=\"twitter:label1\" content=\"Tempo di lettura stimato\" \/>\n\t<meta name=\"twitter:data1\" content=\"2 minuti\" \/>\n<script type=\"application\/ld+json\" class=\"yoast-schema-graph\">{\"@context\":\"https:\/\/schema.org\",\"@graph\":[{\"@type\":\"WebPage\",\"@id\":\"https:\/\/www.winjay.com\/it\/subscribe-newsletter\/\",\"url\":\"https:\/\/www.winjay.com\/it\/subscribe-newsletter\/\",\"name\":\"Iscriviti alla newsletter - WINJAY radio and TV automation\",\"isPartOf\":{\"@id\":\"https:\/\/www.winjay.com\/it\/#website\"},\"datePublished\":\"2024-02-19T16:36:31+00:00\",\"dateModified\":\"2024-06-06T16:11:13+00:00\",\"description\":\"Iscriviti alla nostra newsletter per restare sempre aggiornato con approfondimenti esclusivi, novit\u00e0 sulle applicazioni e consigli degli esperti, direttamente nella tua email.\",\"breadcrumb\":{\"@id\":\"https:\/\/www.winjay.com\/it\/subscribe-newsletter\/#breadcrumb\"},\"inLanguage\":\"it-IT\",\"potentialAction\":[{\"@type\":\"ReadAction\",\"target\":[\"https:\/\/www.winjay.com\/it\/subscribe-newsletter\/\"]}]},{\"@type\":\"BreadcrumbList\",\"@id\":\"https:\/\/www.winjay.com\/it\/subscribe-newsletter\/#breadcrumb\",\"itemListElement\":[{\"@type\":\"ListItem\",\"position\":1,\"name\":\"Home\",\"item\":\"https:\/\/www.winjay.com\/it\/winjay-radio-and-tv-automation\/\"},{\"@type\":\"ListItem\",\"position\":2,\"name\":\"Iscriviti alla newsletter\"}]},{\"@type\":\"WebSite\",\"@id\":\"https:\/\/www.winjay.com\/it\/#website\",\"url\":\"https:\/\/www.winjay.com\/it\/\",\"name\":\"WINJAY radio and TV automation\",\"description\":\"A wide range of affordable radio and TV automation solutions available on monthly subscription\",\"publisher\":{\"@id\":\"https:\/\/www.winjay.com\/it\/#organization\"},\"potentialAction\":[{\"@type\":\"SearchAction\",\"target\":{\"@type\":\"EntryPoint\",\"urlTemplate\":\"https:\/\/www.winjay.com\/it\/?s={search_term_string}\"},\"query-input\":{\"@type\":\"PropertyValueSpecification\",\"valueRequired\":true,\"valueName\":\"search_term_string\"}}],\"inLanguage\":\"it-IT\"},{\"@type\":\"Organization\",\"@id\":\"https:\/\/www.winjay.com\/it\/#organization\",\"name\":\"WINJAY radio and TV automation\",\"alternateName\":\"WINJAY\",\"url\":\"https:\/\/www.winjay.com\/it\/\",\"logo\":{\"@type\":\"ImageObject\",\"inLanguage\":\"it-IT\",\"@id\":\"https:\/\/www.winjay.com\/it\/#\/schema\/logo\/image\/\",\"url\":\"https:\/\/www.winjay.com\/wp-content\/uploads\/2024\/02\/logo-W-J.png\",\"contentUrl\":\"https:\/\/www.winjay.com\/wp-content\/uploads\/2024\/02\/logo-W-J.png\",\"width\":696,\"height\":696,\"caption\":\"WINJAY radio and TV automation\"},\"image\":{\"@id\":\"https:\/\/www.winjay.com\/it\/#\/schema\/logo\/image\/\"},\"sameAs\":[\"https:\/\/www.facebook.com\/winjaysrl\/\",\"https:\/\/x.com\/winjay_SRL\",\"https:\/\/www.youtube.com\/user\/winjaySRL\",\"https:\/\/www.linkedin.com\/company\/winjay-s-r-l-\/\"]}]}<\/script>\n<!-- \/ Yoast SEO plugin. -->","yoast_head_json":{"title":"Iscriviti alla newsletter - WINJAY radio and TV automation","description":"Iscriviti alla nostra newsletter per restare sempre aggiornato con approfondimenti esclusivi, novit\u00e0 sulle applicazioni e consigli degli esperti, direttamente nella tua email.","robots":{"index":"index","follow":"follow","max-snippet":"max-snippet:-1","max-image-preview":"max-image-preview:large","max-video-preview":"max-video-preview:-1"},"canonical":"https:\/\/www.winjay.com\/it\/subscribe-newsletter\/","og_locale":"it_IT","og_type":"article","og_title":"Iscriviti alla newsletter - WINJAY radio and TV automation","og_description":"Iscriviti alla nostra newsletter per restare sempre aggiornato con approfondimenti esclusivi, novit\u00e0 sulle applicazioni e consigli degli esperti, direttamente nella tua email.","og_url":"https:\/\/www.winjay.com\/it\/subscribe-newsletter\/","og_site_name":"WINJAY radio and TV automation","article_publisher":"https:\/\/www.facebook.com\/winjaysrl\/","article_modified_time":"2024-06-06T16:11:13+00:00","twitter_card":"summary_large_image","twitter_site":"@winjay_SRL","twitter_misc":{"Tempo di lettura stimato":"2 minuti"},"schema":{"@context":"https:\/\/schema.org","@graph":[{"@type":"WebPage","@id":"https:\/\/www.winjay.com\/it\/subscribe-newsletter\/","url":"https:\/\/www.winjay.com\/it\/subscribe-newsletter\/","name":"Iscriviti alla newsletter - WINJAY radio and TV automation","isPartOf":{"@id":"https:\/\/www.winjay.com\/it\/#website"},"datePublished":"2024-02-19T16:36:31+00:00","dateModified":"2024-06-06T16:11:13+00:00","description":"Iscriviti alla nostra newsletter per restare sempre aggiornato con approfondimenti esclusivi, novit\u00e0 sulle applicazioni e consigli degli esperti, direttamente nella tua email.","breadcrumb":{"@id":"https:\/\/www.winjay.com\/it\/subscribe-newsletter\/#breadcrumb"},"inLanguage":"it-IT","potentialAction":[{"@type":"ReadAction","target":["https:\/\/www.winjay.com\/it\/subscribe-newsletter\/"]}]},{"@type":"BreadcrumbList","@id":"https:\/\/www.winjay.com\/it\/subscribe-newsletter\/#breadcrumb","itemListElement":[{"@type":"ListItem","position":1,"name":"Home","item":"https:\/\/www.winjay.com\/it\/winjay-radio-and-tv-automation\/"},{"@type":"ListItem","position":2,"name":"Iscriviti alla newsletter"}]},{"@type":"WebSite","@id":"https:\/\/www.winjay.com\/it\/#website","url":"https:\/\/www.winjay.com\/it\/","name":"WINJAY radio and TV automation","description":"A wide range of affordable radio and TV automation solutions available on monthly subscription","publisher":{"@id":"https:\/\/www.winjay.com\/it\/#organization"},"potentialAction":[{"@type":"SearchAction","target":{"@type":"EntryPoint","urlTemplate":"https:\/\/www.winjay.com\/it\/?s={search_term_string}"},"query-input":{"@type":"PropertyValueSpecification","valueRequired":true,"valueName":"search_term_string"}}],"inLanguage":"it-IT"},{"@type":"Organization","@id":"https:\/\/www.winjay.com\/it\/#organization","name":"WINJAY radio and TV automation","alternateName":"WINJAY","url":"https:\/\/www.winjay.com\/it\/","logo":{"@type":"ImageObject","inLanguage":"it-IT","@id":"https:\/\/www.winjay.com\/it\/#\/schema\/logo\/image\/","url":"https:\/\/www.winjay.com\/wp-content\/uploads\/2024\/02\/logo-W-J.png","contentUrl":"https:\/\/www.winjay.com\/wp-content\/uploads\/2024\/02\/logo-W-J.png","width":696,"height":696,"caption":"WINJAY radio and TV automation"},"image":{"@id":"https:\/\/www.winjay.com\/it\/#\/schema\/logo\/image\/"},"sameAs":["https:\/\/www.facebook.com\/winjaysrl\/","https:\/\/x.com\/winjay_SRL","https:\/\/www.youtube.com\/user\/winjaySRL","https:\/\/www.linkedin.com\/company\/winjay-s-r-l-\/"]}]}},"_links":{"self":[{"href":"https:\/\/www.winjay.com\/it\/wp-json\/wp\/v2\/pages\/7529","targetHints":{"allow":["GET"]}}],"collection":[{"href":"https:\/\/www.winjay.com\/it\/wp-json\/wp\/v2\/pages"}],"about":[{"href":"https:\/\/www.winjay.com\/it\/wp-json\/wp\/v2\/types\/page"}],"author":[{"embeddable":true,"href":"https:\/\/www.winjay.com\/it\/wp-json\/wp\/v2\/users\/1"}],"replies":[{"embeddable":true,"href":"https:\/\/www.winjay.com\/it\/wp-json\/wp\/v2\/comments?post=7529"}],"version-history":[{"count":10,"href":"https:\/\/www.winjay.com\/it\/wp-json\/wp\/v2\/pages\/7529\/revisions"}],"predecessor-version":[{"id":8200,"href":"https:\/\/www.winjay.com\/it\/wp-json\/wp\/v2\/pages\/7529\/revisions\/8200"}],"wp:attachment":[{"href":"https:\/\/www.winjay.com\/it\/wp-json\/wp\/v2\/media?parent=7529"}],"curies":[{"name":"wp","href":"https:\/\/api.w.org\/{rel}","templated":true}]}}