{"id":9724,"date":"2025-06-06T15:25:16","date_gmt":"2025-06-06T15:25:16","guid":{"rendered":"https:\/\/www.winjay.com\/?page_id=9724"},"modified":"2025-06-16T07:25:11","modified_gmt":"2025-06-16T07:25:11","slug":"faq","status":"publish","type":"page","link":"https:\/\/www.winjay.com\/it\/faq\/","title":{"rendered":"FAQ"},"content":{"rendered":"<p><div class=\"fusion-fullwidth fullwidth-box fusion-builder-row-1 fusion-flex-container has-pattern-background has-mask-background nonhundred-percent-fullwidth non-hundred-percent-height-scrolling hundred-percent-fullwidth\" style=\"--awb-border-sizes-top:0px;--awb-border-sizes-bottom:0px;--awb-border-radius-top-left:0px;--awb-border-radius-top-right:0px;--awb-border-radius-bottom-right:0px;--awb-border-radius-bottom-left:0px;--awb-padding-top:0px;--awb-padding-right:0px;--awb-padding-bottom:0px;--awb-padding-left:0px;--awb-margin-top:0px;--awb-margin-bottom:0px;--awb-background-color:#f1f1f1;--awb-flex-wrap:wrap;\" ><div class=\"fusion-builder-row fusion-row fusion-flex-align-items-flex-end fusion-flex-justify-content-center fusion-flex-content-wrap\" style=\"max-width:104%;margin-left: calc(-4% \/ 2 );margin-right: calc(-4% \/ 2 );\"><div class=\"fusion-layout-column fusion_builder_column fusion-builder-column-0 fusion_builder_column_1_1 1_1 fusion-flex-column fusion-flex-align-self-flex-end\" style=\"--awb-padding-bottom:50px;--awb-bg-image:linear-gradient(180deg, #151515 0%,#000000 100%);--awb-bg-size:cover;--awb-width-large:100%;--awb-margin-top-large:0px;--awb-spacing-right-large:1.92%;--awb-margin-bottom-large:0px;--awb-spacing-left-large:1.92%;--awb-width-medium:100%;--awb-order-medium:0;--awb-spacing-right-medium:1.92%;--awb-spacing-left-medium:1.92%;--awb-width-small:100%;--awb-order-small:0;--awb-spacing-right-small:1.92%;--awb-spacing-left-small:1.92%;\" data-scroll-devices=\"small-visibility,medium-visibility,large-visibility\"><div class=\"fusion-column-wrapper fusion-column-has-shadow fusion-flex-justify-content-flex-end fusion-content-layout-column\"><div class=\"fusion-image-element \" style=\"text-align:center;--awb-margin-top:0px;--awb-margin-right:0%;--awb-margin-bottom:20px;--awb-margin-left:0%;--awb-caption-title-font-family:var(--h2_typography-font-family);--awb-caption-title-font-weight:var(--h2_typography-font-weight);--awb-caption-title-font-style:var(--h2_typography-font-style);--awb-caption-title-size:var(--h2_typography-font-size);--awb-caption-title-transform:var(--h2_typography-text-transform);--awb-caption-title-line-height:var(--h2_typography-line-height);--awb-caption-title-letter-spacing:var(--h2_typography-letter-spacing);\"><span class=\" fusion-imageframe imageframe-none imageframe-1 hover-type-none\"><img decoding=\"async\" width=\"1200\" height=\"300\" alt=\"FAQ\" title=\"FAQ-banner\" src=\"https:\/\/www.winjay.com\/wp-content\/uploads\/2025\/06\/FAQ-banner.png\" class=\"img-responsive wp-image-9756\" srcset=\"https:\/\/www.winjay.com\/wp-content\/uploads\/2025\/06\/FAQ-banner-200x50.png 200w, https:\/\/www.winjay.com\/wp-content\/uploads\/2025\/06\/FAQ-banner-400x100.png 400w, https:\/\/www.winjay.com\/wp-content\/uploads\/2025\/06\/FAQ-banner-600x150.png 600w, https:\/\/www.winjay.com\/wp-content\/uploads\/2025\/06\/FAQ-banner-800x200.png 800w, https:\/\/www.winjay.com\/wp-content\/uploads\/2025\/06\/FAQ-banner.png 1200w\" sizes=\"(max-width: 640px) 100vw, 1200px\" \/><\/span><\/div><div class=\"fusion-builder-row fusion-builder-row-inner fusion-row fusion-flex-align-items-flex-end fusion-flex-justify-content-center fusion-flex-content-wrap\" style=\"width:104% !important;max-width:104% !important;margin-left: calc(-4% \/ 2 );margin-right: calc(-4% \/ 2 );\"><div class=\"fusion-layout-column fusion_builder_column_inner fusion-builder-nested-column-0 fusion_builder_column_inner_2_3 2_3 fusion-flex-column\" style=\"--awb-bg-size:cover;--awb-width-large:66.666666666667%;--awb-margin-top-large:0px;--awb-spacing-right-large:2.88%;--awb-margin-bottom-large:0px;--awb-spacing-left-large:2.88%;--awb-width-medium:83.333333333333%;--awb-order-medium:0;--awb-spacing-right-medium:2.304%;--awb-spacing-left-medium:2.304%;--awb-width-small:83.333333333333%;--awb-order-small:0;--awb-spacing-right-small:2.304%;--awb-spacing-left-small:2.304%;\" data-scroll-devices=\"small-visibility,medium-visibility,large-visibility\"><div class=\"fusion-column-wrapper fusion-column-has-shadow fusion-flex-justify-content-flex-start fusion-content-layout-column\"><div class=\"fusion-title title fusion-title-1 fusion-sep-none fusion-title-center fusion-title-highlight fusion-animate-once fusion-highlight-underline_zigzag fusion-title-size-one\" style=\"--awb-text-color:#eeeeee;--awb-highlight-color:#ff7300;--awb-font-size:40px;\" data-highlight=\"underline_zigzag\"><h1 class=\"fusion-title-heading title-heading-center fusion-responsive-typography-calculated\" style=\"font-family:&quot;Poppins&quot;;font-style:normal;font-weight:500;margin:0;font-size:1em;--fontSize:40;line-height:var(--awb-typography1-line-height);\"><span class=\"fusion-highlighted-text-prefix\">Le tue domande<\/span> <span class=\"fusion-highlighted-text-wrapper\"><span class=\"fusion-highlighted-text\" style=\"color:#eeeeee;--fontSize:40;font-size:40px;\">e risposte<\/span><svg xmlns=\"http:\/\/www.w3.org\/2000\/svg\" viewBox=\"0 0 500 150\" preserveAspectRatio=\"none\"><path d=\"M6.1,133.6c0,0,173.4-20.6,328.3-14.5c154.8,6.1,162.2,8.7,162.2,8.7s-262.6-4.9-339.2,13.9 c0,0,113.8-6.1,162.9,6.9\"><\/path><\/svg><\/span> <span class=\"fusion-highlighted-text-postfix\"><\/span><\/h1><\/div><div class=\"fusion-text fusion-text-1 awb-text-cols fusion-text-columns-2\" style=\"--awb-text-transform:none;--awb-text-color:#dddddd;--awb-columns:2;--awb-column-spacing:2em;--awb-column-min-width:300px;--awb-margin-top:20px;--awb-text-font-family:&quot;Poppins&quot;;--awb-text-font-style:normal;--awb-text-font-weight:400;\"><p>Benvenuto nelle nostre FAQ, dove troverai le risposte alle domande pi\u00f9 frequenti sui nostri sistemi di automazione radio e TV. Che tu sia alle prime armi o voglia esplorare funzionalit\u00e0 avanzate, questa sezione \u00e8 pensata per aiutarti a comprendere come le nostre soluzioni possano semplificare il tuo flusso di lavoro nel mondo broadcast. Dai requisiti di sistema alla licenza, dal supporto tecnico alle funzionalit\u00e0 disponibili, abbiamo raccolto le informazioni essenziali per assisterti al meglio. Se non trovi qui la risposta che cerchi, non esitare a contattare direttamente il nostro team \u2014 siamo qui per aiutarti!<\/p>\n<\/div><\/div><\/div><\/div><\/div><\/div><\/div><\/div><div class=\"fusion-fullwidth fullwidth-box fusion-builder-row-2 fusion-flex-container has-pattern-background has-mask-background nonhundred-percent-fullwidth non-hundred-percent-height-scrolling hundred-percent-fullwidth\" style=\"--awb-border-radius-top-left:0px;--awb-border-radius-top-right:0px;--awb-border-radius-bottom-right:0px;--awb-border-radius-bottom-left:0px;--awb-padding-top:0px;--awb-padding-right:0px;--awb-padding-bottom:0px;--awb-padding-left:0px;--awb-margin-top:0px;--awb-margin-bottom:0px;--awb-background-color:#f1f1f1;--awb-flex-wrap:wrap;\" ><div class=\"fusion-builder-row fusion-row fusion-flex-align-items-center fusion-flex-justify-content-center fusion-flex-content-wrap\" style=\"max-width:104%;margin-left: calc(-4% \/ 2 );margin-right: calc(-4% \/ 2 );\"><div class=\"fusion-layout-column fusion_builder_column fusion-builder-column-1 fusion_builder_column_1_1 1_1 fusion-flex-column fusion-flex-align-self-flex-start\" style=\"--awb-bg-color:#000000;--awb-bg-color-hover:#000000;--awb-bg-size:cover;--awb-width-large:100%;--awb-margin-top-large:0px;--awb-spacing-right-large:1.92%;--awb-margin-bottom-large:0px;--awb-spacing-left-large:1.92%;--awb-width-medium:100%;--awb-order-medium:0;--awb-spacing-right-medium:1.92%;--awb-spacing-left-medium:1.92%;--awb-width-small:100%;--awb-order-small:0;--awb-spacing-right-small:1.92%;--awb-spacing-left-small:1.92%;\" data-scroll-devices=\"small-visibility,medium-visibility,large-visibility\"><div class=\"fusion-column-wrapper fusion-column-has-shadow fusion-flex-justify-content-flex-start fusion-content-layout-column\"><div class=\"fusion-builder-row fusion-builder-row-inner fusion-row fusion-flex-align-items-center fusion-flex-justify-content-center fusion-flex-content-wrap\" style=\"width:104% !important;max-width:104% !important;margin-left: calc(-4% \/ 2 );margin-right: calc(-4% \/ 2 );\"><div class=\"fusion-layout-column fusion_builder_column_inner fusion-builder-nested-column-1 fusion-flex-column\" style=\"--awb-bg-size:cover;--awb-width-large:auto;--awb-margin-top-large:0px;--awb-spacing-right-large:2%;--awb-margin-bottom-large:20px;--awb-spacing-left-large:2%;--awb-width-medium:auto;--awb-order-medium:0;--awb-spacing-right-medium:2%;--awb-spacing-left-medium:2%;--awb-width-small:auto;--awb-order-small:0;--awb-spacing-right-small:2%;--awb-spacing-left-small:2%;\"><div class=\"fusion-column-wrapper fusion-column-has-shadow fusion-flex-justify-content-flex-start fusion-content-layout-row\"><div class=\"fusion-image-element \" style=\"--awb-caption-title-font-family:var(--h2_typography-font-family);--awb-caption-title-font-weight:var(--h2_typography-font-weight);--awb-caption-title-font-style:var(--h2_typography-font-style);--awb-caption-title-size:var(--h2_typography-font-size);--awb-caption-title-transform:var(--h2_typography-text-transform);--awb-caption-title-line-height:var(--h2_typography-line-height);--awb-caption-title-letter-spacing:var(--h2_typography-letter-spacing);\"><span class=\" fusion-imageframe imageframe-none imageframe-2 hover-type-none\" style=\"border-radius:5px;\"><img decoding=\"async\" width=\"36\" height=\"36\" title=\"tv36x36\" src=\"https:\/\/www.winjay.com\/wp-content\/uploads\/2021\/11\/tv36x36.png\" alt class=\"img-responsive wp-image-7144\"\/><\/span><\/div><\/div><\/div><div class=\"fusion-layout-column fusion_builder_column_inner fusion-builder-nested-column-2 fusion-flex-column fusion-flex-align-self-center\" style=\"--awb-bg-size:cover;--awb-width-large:60%;--awb-margin-top-large:0px;--awb-spacing-right-large:3.2%;--awb-margin-bottom-large:20px;--awb-spacing-left-large:10px;--awb-width-medium:79.5%;--awb-order-medium:0;--awb-spacing-right-medium:2.4150943396226%;--awb-spacing-left-medium:10px;--awb-width-small:76.83%;--awb-order-small:0;--awb-spacing-right-small:2.4990238188208%;--awb-spacing-left-small:10px;\"><div class=\"fusion-column-wrapper fusion-column-has-shadow fusion-flex-justify-content-flex-start fusion-content-layout-row fusion-content-nowrap\"><div class=\"fusion-title title fusion-title-2 fusion-sep-none fusion-title-text fusion-title-size-three\" style=\"--awb-text-color:#dddddd;--awb-margin-top:0px;--awb-margin-bottom:0px;--awb-margin-top-small:0px;--awb-margin-bottom-small:0px;--awb-margin-top-medium:0px;--awb-margin-bottom-medium:0px;--awb-link-color:#dddddd;--awb-font-size:22px;\"><h3 class=\"fusion-title-heading title-heading-left fusion-responsive-typography-calculated\" style=\"font-family:&quot;Outfit&quot;;font-style:normal;font-weight:400;margin:0;font-size:1em;--fontSize:22;line-height:var(--awb-typography1-line-height);\"><a href=\"https:\/\/www.winjay.com\/faq\/moviejaysx-small-business-tv-playout-automation\/\" class=\"awb-custom-text-color awb-custom-text-hover-color\" target=\"_self\"><strong>FAQ<\/strong> moviejay<strong>SX<\/strong> <span style=\"font-size: medium;\">small business playout<\/span><\/a><\/h3><\/div><\/div><\/div><\/div><\/div><\/div><\/div><\/div><\/p>\n","protected":false},"excerpt":{"rendered":"","protected":false},"author":1,"featured_media":0,"parent":0,"menu_order":0,"comment_status":"closed","ping_status":"closed","template":"100-width.php","meta":{"inline_featured_image":false,"footnotes":""},"class_list":["post-9724","page","type-page","status-publish","hentry"],"featured_image_src":null,"yoast_head":"<!-- This site is optimized with the Yoast SEO plugin v27.2 - https:\/\/yoast.com\/product\/yoast-seo-wordpress\/ -->\n<title>FAQ - WINJAY radio and TV automation<\/title>\n<meta name=\"description\" content=\"La nostra vasta gamma di applicazioni per automazione e playout radio e TV, ingest, registrazione 90 giorni, MAM, time delay, automazione canali musicali.\" \/>\n<meta name=\"robots\" content=\"index, follow, max-snippet:-1, max-image-preview:large, max-video-preview:-1\" \/>\n<link rel=\"canonical\" href=\"https:\/\/www.winjay.com\/it\/faq\/\" \/>\n<meta property=\"og:locale\" content=\"it_IT\" \/>\n<meta property=\"og:type\" content=\"article\" \/>\n<meta property=\"og:title\" content=\"FAQ - WINJAY radio and TV automation\" \/>\n<meta property=\"og:description\" content=\"La nostra vasta gamma di applicazioni per automazione e playout radio e TV, ingest, registrazione 90 giorni, MAM, time delay, automazione canali musicali.\" \/>\n<meta property=\"og:url\" content=\"https:\/\/www.winjay.com\/it\/faq\/\" \/>\n<meta property=\"og:site_name\" content=\"WINJAY radio and TV automation\" \/>\n<meta property=\"article:publisher\" content=\"https:\/\/www.facebook.com\/winjaysrl\/\" \/>\n<meta property=\"article:modified_time\" content=\"2025-06-16T07:25:11+00:00\" \/>\n<meta name=\"twitter:card\" content=\"summary_large_image\" \/>\n<meta name=\"twitter:site\" content=\"@winjay_SRL\" \/>\n<meta name=\"twitter:label1\" content=\"Tempo di lettura stimato\" \/>\n\t<meta name=\"twitter:data1\" content=\"2 minuti\" \/>\n<script type=\"application\/ld+json\" class=\"yoast-schema-graph\">{\"@context\":\"https:\/\/schema.org\",\"@graph\":[{\"@type\":\"WebPage\",\"@id\":\"https:\/\/www.winjay.com\/it\/faq\/\",\"url\":\"https:\/\/www.winjay.com\/it\/faq\/\",\"name\":\"FAQ - WINJAY radio and TV automation\",\"isPartOf\":{\"@id\":\"https:\/\/www.winjay.com\/it\/#website\"},\"datePublished\":\"2025-06-06T15:25:16+00:00\",\"dateModified\":\"2025-06-16T07:25:11+00:00\",\"description\":\"La nostra vasta gamma di applicazioni per automazione e playout radio e TV, ingest, registrazione 90 giorni, MAM, time delay, automazione canali musicali.\",\"breadcrumb\":{\"@id\":\"https:\/\/www.winjay.com\/it\/faq\/#breadcrumb\"},\"inLanguage\":\"it-IT\",\"potentialAction\":[{\"@type\":\"ReadAction\",\"target\":[\"https:\/\/www.winjay.com\/it\/faq\/\"]}]},{\"@type\":\"BreadcrumbList\",\"@id\":\"https:\/\/www.winjay.com\/it\/faq\/#breadcrumb\",\"itemListElement\":[{\"@type\":\"ListItem\",\"position\":1,\"name\":\"Home\",\"item\":\"https:\/\/www.winjay.com\/it\/winjay-radio-and-tv-automation\/\"},{\"@type\":\"ListItem\",\"position\":2,\"name\":\"FAQ\"}]},{\"@type\":\"WebSite\",\"@id\":\"https:\/\/www.winjay.com\/it\/#website\",\"url\":\"https:\/\/www.winjay.com\/it\/\",\"name\":\"WINJAY radio and TV automation\",\"description\":\"A wide range of affordable radio and TV automation solutions available on monthly subscription\",\"publisher\":{\"@id\":\"https:\/\/www.winjay.com\/it\/#organization\"},\"potentialAction\":[{\"@type\":\"SearchAction\",\"target\":{\"@type\":\"EntryPoint\",\"urlTemplate\":\"https:\/\/www.winjay.com\/it\/?s={search_term_string}\"},\"query-input\":{\"@type\":\"PropertyValueSpecification\",\"valueRequired\":true,\"valueName\":\"search_term_string\"}}],\"inLanguage\":\"it-IT\"},{\"@type\":\"Organization\",\"@id\":\"https:\/\/www.winjay.com\/it\/#organization\",\"name\":\"WINJAY radio and TV automation\",\"alternateName\":\"WINJAY\",\"url\":\"https:\/\/www.winjay.com\/it\/\",\"logo\":{\"@type\":\"ImageObject\",\"inLanguage\":\"it-IT\",\"@id\":\"https:\/\/www.winjay.com\/it\/#\/schema\/logo\/image\/\",\"url\":\"https:\/\/www.winjay.com\/wp-content\/uploads\/2024\/02\/logo-W-J.png\",\"contentUrl\":\"https:\/\/www.winjay.com\/wp-content\/uploads\/2024\/02\/logo-W-J.png\",\"width\":696,\"height\":696,\"caption\":\"WINJAY radio and TV automation\"},\"image\":{\"@id\":\"https:\/\/www.winjay.com\/it\/#\/schema\/logo\/image\/\"},\"sameAs\":[\"https:\/\/www.facebook.com\/winjaysrl\/\",\"https:\/\/x.com\/winjay_SRL\",\"https:\/\/www.youtube.com\/user\/winjaySRL\",\"https:\/\/www.linkedin.com\/company\/winjay-s-r-l-\/\"]}]}<\/script>\n<!-- \/ Yoast SEO plugin. -->","yoast_head_json":{"title":"FAQ - WINJAY radio and TV automation","description":"La nostra vasta gamma di applicazioni per automazione e playout radio e TV, ingest, registrazione 90 giorni, MAM, time delay, automazione canali musicali.","robots":{"index":"index","follow":"follow","max-snippet":"max-snippet:-1","max-image-preview":"max-image-preview:large","max-video-preview":"max-video-preview:-1"},"canonical":"https:\/\/www.winjay.com\/it\/faq\/","og_locale":"it_IT","og_type":"article","og_title":"FAQ - WINJAY radio and TV automation","og_description":"La nostra vasta gamma di applicazioni per automazione e playout radio e TV, ingest, registrazione 90 giorni, MAM, time delay, automazione canali musicali.","og_url":"https:\/\/www.winjay.com\/it\/faq\/","og_site_name":"WINJAY radio and TV automation","article_publisher":"https:\/\/www.facebook.com\/winjaysrl\/","article_modified_time":"2025-06-16T07:25:11+00:00","twitter_card":"summary_large_image","twitter_site":"@winjay_SRL","twitter_misc":{"Tempo di lettura stimato":"2 minuti"},"schema":{"@context":"https:\/\/schema.org","@graph":[{"@type":"WebPage","@id":"https:\/\/www.winjay.com\/it\/faq\/","url":"https:\/\/www.winjay.com\/it\/faq\/","name":"FAQ - WINJAY radio and TV automation","isPartOf":{"@id":"https:\/\/www.winjay.com\/it\/#website"},"datePublished":"2025-06-06T15:25:16+00:00","dateModified":"2025-06-16T07:25:11+00:00","description":"La nostra vasta gamma di applicazioni per automazione e playout radio e TV, ingest, registrazione 90 giorni, MAM, time delay, automazione canali musicali.","breadcrumb":{"@id":"https:\/\/www.winjay.com\/it\/faq\/#breadcrumb"},"inLanguage":"it-IT","potentialAction":[{"@type":"ReadAction","target":["https:\/\/www.winjay.com\/it\/faq\/"]}]},{"@type":"BreadcrumbList","@id":"https:\/\/www.winjay.com\/it\/faq\/#breadcrumb","itemListElement":[{"@type":"ListItem","position":1,"name":"Home","item":"https:\/\/www.winjay.com\/it\/winjay-radio-and-tv-automation\/"},{"@type":"ListItem","position":2,"name":"FAQ"}]},{"@type":"WebSite","@id":"https:\/\/www.winjay.com\/it\/#website","url":"https:\/\/www.winjay.com\/it\/","name":"WINJAY radio and TV automation","description":"A wide range of affordable radio and TV automation solutions available on monthly subscription","publisher":{"@id":"https:\/\/www.winjay.com\/it\/#organization"},"potentialAction":[{"@type":"SearchAction","target":{"@type":"EntryPoint","urlTemplate":"https:\/\/www.winjay.com\/it\/?s={search_term_string}"},"query-input":{"@type":"PropertyValueSpecification","valueRequired":true,"valueName":"search_term_string"}}],"inLanguage":"it-IT"},{"@type":"Organization","@id":"https:\/\/www.winjay.com\/it\/#organization","name":"WINJAY radio and TV automation","alternateName":"WINJAY","url":"https:\/\/www.winjay.com\/it\/","logo":{"@type":"ImageObject","inLanguage":"it-IT","@id":"https:\/\/www.winjay.com\/it\/#\/schema\/logo\/image\/","url":"https:\/\/www.winjay.com\/wp-content\/uploads\/2024\/02\/logo-W-J.png","contentUrl":"https:\/\/www.winjay.com\/wp-content\/uploads\/2024\/02\/logo-W-J.png","width":696,"height":696,"caption":"WINJAY radio and TV automation"},"image":{"@id":"https:\/\/www.winjay.com\/it\/#\/schema\/logo\/image\/"},"sameAs":["https:\/\/www.facebook.com\/winjaysrl\/","https:\/\/x.com\/winjay_SRL","https:\/\/www.youtube.com\/user\/winjaySRL","https:\/\/www.linkedin.com\/company\/winjay-s-r-l-\/"]}]}},"_links":{"self":[{"href":"https:\/\/www.winjay.com\/it\/wp-json\/wp\/v2\/pages\/9724","targetHints":{"allow":["GET"]}}],"collection":[{"href":"https:\/\/www.winjay.com\/it\/wp-json\/wp\/v2\/pages"}],"about":[{"href":"https:\/\/www.winjay.com\/it\/wp-json\/wp\/v2\/types\/page"}],"author":[{"embeddable":true,"href":"https:\/\/www.winjay.com\/it\/wp-json\/wp\/v2\/users\/1"}],"replies":[{"embeddable":true,"href":"https:\/\/www.winjay.com\/it\/wp-json\/wp\/v2\/comments?post=9724"}],"version-history":[{"count":5,"href":"https:\/\/www.winjay.com\/it\/wp-json\/wp\/v2\/pages\/9724\/revisions"}],"predecessor-version":[{"id":9953,"href":"https:\/\/www.winjay.com\/it\/wp-json\/wp\/v2\/pages\/9724\/revisions\/9953"}],"wp:attachment":[{"href":"https:\/\/www.winjay.com\/it\/wp-json\/wp\/v2\/media?parent=9724"}],"curies":[{"name":"wp","href":"https:\/\/api.w.org\/{rel}","templated":true}]}}